{"id":9337,"date":"2023-09-10T21:09:15","date_gmt":"2023-09-10T19:09:15","guid":{"rendered":"https:\/\/jarzpartner.pl\/?page_id=9337"},"modified":"2023-09-13T18:46:28","modified_gmt":"2023-09-13T16:46:28","slug":"prawo-wlasnosci-intelektualnej-poznan","status":"publish","type":"page","link":"https:\/\/jarzpartner.pl\/de\/prawo-wlasnosci-intelektualnej-poznan\/","title":{"rendered":"Prawo w\u0142asno\u015bci intelektualnej w&nbsp;Poznaniu"},"content":{"rendered":"<p>Kancelaria Prawna Jarzy\u0144ski &amp; Wsp\u00f3lnicy Pozna\u0144 specjalizuje si\u0119 w&nbsp;dziedzinie prawa w\u0142asno\u015bci intelektualnej w&nbsp;Poznaniu.<\/p>\n<p>Rekomendacja indywidualna i&nbsp;kancelarii w&nbsp;Rankingu Kancelarii Prawniczych Rzeczpospolitej 2023 w&nbsp;kategorii prawo budowlane pozwala nam tak\u017ce \u0142\u0105czy\u0107 kompetencje w&nbsp;dziedzinie prawa w\u0142asno\u015bci intelektualnej i&nbsp;prawa budowlanego.<\/p>\n<h2>\u00dcber die Kanzlei<\/h2>\n<p>Nasza dzia\u0142aj\u0105ca od ponad 30 lat kancelaria w&nbsp;Poznaniu specjalizuje si\u0119 w&nbsp;dziedzinie prawa w\u0142asno\u015bci intelektualnej. Obs\u0142ugujemy klient\u00f3w nie tylko z&nbsp;Poznania, ale&nbsp;tak\u017ce z&nbsp;wielkopolski oraz&nbsp;z&nbsp;ca\u0142ej Polski. Naszym klientom oferujemy pe\u0142ne wsparcie w&nbsp;ochronie i&nbsp;zarz\u0105dzaniu w\u0142asno\u015bci\u0105 intelektualn\u0105 w&nbsp;dynamicznie zmieniaj\u0105cym si\u0119 \u015bwiecie.<\/p>\n<p><strong>Szanowni Klienci,<\/strong><\/p>\n<p>w&nbsp;erze cyfrowej, gdzie innowacje staj\u0105 si\u0119 codzienno\u015bci\u0105, zrozumienie i&nbsp;skuteczna ochrona praw w\u0142asno\u015bci intelektualnej to priorytet. Nasz zesp\u00f3\u0142 ekspert\u00f3w jest tu, aby&nbsp;Pa\u0144stwu pom\u00f3c. Nasza kancelaria oferuje skuteczn\u0105 ochron\u0119 tych praw, pomagaj\u0105c klientom w&nbsp;ich zrozumieniu i&nbsp;wykorzystaniu w&nbsp;pe\u0142nym zakresie.<\/p>\n<h2>Us\u0142ugi oferowane przez&nbsp;nasz\u0105 kancelari\u0119 w&nbsp;Poznaniu obejmuj\u0105:<\/h2>\n<ul>\n<li>Zawieranie i&nbsp;realizacja um\u00f3w, z&nbsp;naciskiem na&nbsp;prawa autorskie, w\u0142asno\u015b\u0107 przemys\u0142ow\u0105 oraz&nbsp;licencje.<\/li>\n<li>Doradztwo przy&nbsp;kwestiach zwi\u0105zanych z&nbsp;prawem w\u0142asno\u015bci intelektualnej i&nbsp;prawem budowlanym.<\/li>\n<li>Reprezentacja w&nbsp;sporach dotycz\u0105cych prawa w\u0142asno\u015bci intelektualnej.<\/li>\n<li>Przeprowadzanie analiz oraz&nbsp;wydawanie opinii prawnych w&nbsp;obszarze prawa w\u0142asno\u015bci intelektualnej.<\/li>\n<li>Wsparcie w&nbsp;negocjacjach dotycz\u0105cych praw autorskich i&nbsp;praw w\u0142asno\u015bci przemys\u0142owej.<\/li>\n<li>Pomoc w&nbsp;przypadku naruszenia praw w\u0142asno\u015bci intelektualnej, w&nbsp;tym reprezentacja w&nbsp;post\u0119powaniach cywilnych i&nbsp;karnych.<\/li>\n<\/ul>\n<p>Nasza kancelaria z&nbsp;siedzib\u0105 w&nbsp;Poznaniu \u015bwiadczy tak\u017ce us\u0142ugi w&nbsp;formie online, oferuj\u0105c konsultacje prawnicze za&nbsp;po\u015brednictwem poczty elektronicznej oraz&nbsp;popularnych platform komunikacyjnych. Wszelkie dokumenty mog\u0105 by\u0107 wymieniane w&nbsp;trybie elektronicznym.<\/p>\n<p><strong>Zapraszamy do&nbsp;lektury naszego Bloga!<\/strong><\/p>\n<p>Je\u017celi&nbsp;poszukuj\u0105 Pa\u0144stwo aktualnych informacji z&nbsp;zakresu prawa w\u0142asno\u015bci intelektualnej to serdecznie zapraszamy do&nbsp;sekcji <a href=\"https:\/\/jarzpartner.pl\/de\/blog\/\">Blog<\/a> na&nbsp;stronie naszej kancelarii, gdzie regularnie zamieszczamy analizy, komentarze oraz&nbsp;praktyczne porady prawne.<\/p>\n<h2>Skontaktuj si\u0119 z&nbsp;nami \u2013 Kancelaria Prawa W\u0142asno\u015bci Intelektualnej w&nbsp;Poznaniu!<\/h2>\n<p>Je\u017celi&nbsp;s\u0105 Pa\u0144stwo mieszka\u0144cami Poznania lub&nbsp;okolic, zapraszamy do&nbsp;zarezerwowania wizyty w&nbsp;naszej kancelarii. Oferujemy r\u00f3wnie\u017c mo\u017cliwo\u015b\u0107 konsultacji online. W&nbsp;razie pyta\u0144 czy&nbsp;w\u0105tpliwo\u015bci, prosimy o&nbsp;<a href=\"https:\/\/jarzpartner.pl\/de\/kontakt\/\">kontakt telefoniczny lub&nbsp;e-mailowy<\/a>. Gwarantujemy profesjonalne podej\u015bcie w&nbsp;ka\u017cdym przypadku oraz&nbsp;wsparcie w&nbsp;zakresie ochrony w\u0142asno\u015bci intelektualnej, niezale\u017cnie od miejsca Pa\u0144stwa zamieszkania.<\/p>\n<p><a href=\"https:\/\/jarzpartner.pl\/de\/pracownicy\/piotr-jarzynski\/\"><strong>Piotr Jarzy\u0144ski<\/strong><\/a><br \/>\nWsp\u00f3lnik Kancelarii Prawnej Jarzy\u0144ski &amp; Wsp\u00f3lnicy Pozna\u0144<\/p>","protected":false},"excerpt":{"rendered":"<p>Kancelaria Prawna Jarzy\u0144ski &amp; Wsp\u00f3lnicy Pozna\u0144 specjalizuje si\u0119 w&nbsp;dziedzinie prawa w\u0142asno\u015bci intelektualnej w&nbsp;Poznaniu. Rekomendacja indywidualna i&nbsp;kancelarii w&nbsp;Rankingu Kancelarii Prawniczych Rzeczpospolitej 2023 w&nbsp;kategorii prawo budowlane pozwala nam tak\u017ce \u0142\u0105czy\u0107 kompetencje w&nbsp;dziedzinie prawa w\u0142asno\u015bci intelektualnej i&nbsp;prawa budowlanego. O&nbsp;Kancelarii Nasza dzia\u0142aj\u0105ca od ponad 30 lat kancelaria w&nbsp;Poznaniu specjalizuje si\u0119 w&nbsp;dziedzinie prawa w\u0142asno\u015bci intelektualnej. Obs\u0142ugujemy klient\u00f3w nie tylko z&nbsp;Poznania, [&hellip;]<\/p>","protected":false},"author":1,"featured_media":0,"parent":0,"menu_order":0,"comment_status":"closed","ping_status":"closed","template":"","meta":{"footnotes":""},"class_list":["post-9337","page","type-page","status-publish","hentry"],"yoast_head":"<!-- This site is optimized with the Yoast SEO plugin v25.8 - https:\/\/yoast.com\/wordpress\/plugins\/seo\/ -->\n<title>Prawo w\u0142asno\u015bci intelektualnej Pozna\u0144<\/title>\n<meta name=\"robots\" content=\"index, follow, max-snippet:-1, max-image-preview:large, max-video-preview:-1\" \/>\n<link rel=\"canonical\" href=\"https:\/\/jarzpartner.pl\/de\/prawo-wlasnosci-intelektualnej-poznan\/\" \/>\n<meta property=\"og:locale\" content=\"de_DE\" \/>\n<meta property=\"og:type\" content=\"article\" \/>\n<meta property=\"og:title\" content=\"Prawo w\u0142asno\u015bci intelektualnej Pozna\u0144\" \/>\n<meta property=\"og:description\" content=\"Kancelaria Prawna Jarzy\u0144ski &amp; Wsp\u00f3lnicy Pozna\u0144 specjalizuje si\u0119 w&nbsp;dziedzinie prawa w\u0142asno\u015bci intelektualnej w&nbsp;Poznaniu. Rekomendacja indywidualna i&nbsp;kancelarii w&nbsp;Rankingu Kancelarii Prawniczych Rzeczpospolitej 2023 w&nbsp;kategorii prawo budowlane pozwala nam tak\u017ce \u0142\u0105czy\u0107 kompetencje w&nbsp;dziedzinie prawa w\u0142asno\u015bci intelektualnej i&nbsp;prawa budowlanego. O&nbsp;Kancelarii Nasza dzia\u0142aj\u0105ca od ponad 30 lat kancelaria w&nbsp;Poznaniu specjalizuje si\u0119 w&nbsp;dziedzinie prawa w\u0142asno\u015bci intelektualnej. Obs\u0142ugujemy klient\u00f3w nie tylko z&nbsp;Poznania, [&hellip;]\" \/>\n<meta property=\"og:url\" content=\"https:\/\/jarzpartner.pl\/de\/prawo-wlasnosci-intelektualnej-poznan\/\" \/>\n<meta property=\"og:site_name\" content=\"Kancelaria Prawna Jarzy\u0144ski &amp; Wsp\u00f3lnicy Pozna\u0144\" \/>\n<meta property=\"article:publisher\" content=\"https:\/\/www.facebook.com\/jarzpartner\" \/>\n<meta property=\"article:modified_time\" content=\"2023-09-13T16:46:28+00:00\" \/>\n<meta property=\"og:image\" content=\"https:\/\/jarzpartner.pl\/wp-content\/uploads\/2019\/09\/JW_fb_profil_logo-1.jpg\" \/>\n\t<meta property=\"og:image:width\" content=\"600\" \/>\n\t<meta property=\"og:image:height\" content=\"600\" \/>\n\t<meta property=\"og:image:type\" content=\"image\/jpeg\" \/>\n<meta name=\"twitter:card\" content=\"summary_large_image\" \/>\n<meta name=\"twitter:label1\" content=\"Gesch\u00e4tzte Lesezeit\" \/>\n\t<meta name=\"twitter:data1\" content=\"3\u00a0Minuten\" \/>\n<script type=\"application\/ld+json\" class=\"yoast-schema-graph\">{\"@context\":\"https:\/\/schema.org\",\"@graph\":[{\"@type\":\"WebPage\",\"@id\":\"https:\/\/jarzpartner.pl\/prawo-wlasnosci-intelektualnej-poznan\/\",\"url\":\"https:\/\/jarzpartner.pl\/prawo-wlasnosci-intelektualnej-poznan\/\",\"name\":\"Prawo w\u0142asno\u015bci intelektualnej Pozna\u0144\",\"isPartOf\":{\"@id\":\"https:\/\/jarzpartner.pl\/#website\"},\"datePublished\":\"2023-09-10T19:09:15+00:00\",\"dateModified\":\"2023-09-13T16:46:28+00:00\",\"breadcrumb\":{\"@id\":\"https:\/\/jarzpartner.pl\/prawo-wlasnosci-intelektualnej-poznan\/#breadcrumb\"},\"inLanguage\":\"de\",\"potentialAction\":[{\"@type\":\"ReadAction\",\"target\":[\"https:\/\/jarzpartner.pl\/prawo-wlasnosci-intelektualnej-poznan\/\"]}]},{\"@type\":\"BreadcrumbList\",\"@id\":\"https:\/\/jarzpartner.pl\/prawo-wlasnosci-intelektualnej-poznan\/#breadcrumb\",\"itemListElement\":[{\"@type\":\"ListItem\",\"position\":1,\"name\":\"Strona g\u0142\u00f3wna\",\"item\":\"https:\/\/jarzpartner.pl\/\"},{\"@type\":\"ListItem\",\"position\":2,\"name\":\"Prawo w\u0142asno\u015bci intelektualnej w&nbsp;Poznaniu\"}]},{\"@type\":\"WebSite\",\"@id\":\"https:\/\/jarzpartner.pl\/#website\",\"url\":\"https:\/\/jarzpartner.pl\/\",\"name\":\"Kancelaria Prawna Jarzy\u0144ski &amp; Wsp\u00f3lnicy Pozna\u0144\",\"description\":\"Z prawem do celu\",\"publisher\":{\"@id\":\"https:\/\/jarzpartner.pl\/#organization\"},\"potentialAction\":[{\"@type\":\"SearchAction\",\"target\":{\"@type\":\"EntryPoint\",\"urlTemplate\":\"https:\/\/jarzpartner.pl\/?s={search_term_string}\"},\"query-input\":{\"@type\":\"PropertyValueSpecification\",\"valueRequired\":true,\"valueName\":\"search_term_string\"}}],\"inLanguage\":\"de\"},{\"@type\":\"Organization\",\"@id\":\"https:\/\/jarzpartner.pl\/#organization\",\"name\":\"Kancelaria Prawna Jarzy\u0144ski & Wsp\u00f3lnicy Pozna\u0144\",\"alternateName\":\"Jarzy\u0144ski & Wsp\u00f3lnicy Pozna\u0144\",\"url\":\"https:\/\/jarzpartner.pl\/\",\"logo\":{\"@type\":\"ImageObject\",\"inLanguage\":\"de\",\"@id\":\"https:\/\/jarzpartner.pl\/#\/schema\/logo\/image\/\",\"url\":\"https:\/\/jarzpartner.pl\/wp-content\/uploads\/2022\/04\/JW_fb_profil_logo-1-150x150-1.jpeg\",\"contentUrl\":\"https:\/\/jarzpartner.pl\/wp-content\/uploads\/2022\/04\/JW_fb_profil_logo-1-150x150-1.jpeg\",\"width\":150,\"height\":150,\"caption\":\"Kancelaria Prawna Jarzy\u0144ski & Wsp\u00f3lnicy Pozna\u0144\"},\"image\":{\"@id\":\"https:\/\/jarzpartner.pl\/#\/schema\/logo\/image\/\"},\"sameAs\":[\"https:\/\/www.facebook.com\/jarzpartner\",\"https:\/\/www.linkedin.com\/company\/jarzpartner\/\"]}]}<\/script>\n<!-- \/ Yoast SEO plugin. -->","yoast_head_json":{"title":"Prawo w\u0142asno\u015bci intelektualnej Pozna\u0144","robots":{"index":"index","follow":"follow","max-snippet":"max-snippet:-1","max-image-preview":"max-image-preview:large","max-video-preview":"max-video-preview:-1"},"canonical":"https:\/\/jarzpartner.pl\/de\/prawo-wlasnosci-intelektualnej-poznan\/","og_locale":"de_DE","og_type":"article","og_title":"Prawo w\u0142asno\u015bci intelektualnej Pozna\u0144","og_description":"Kancelaria Prawna Jarzy\u0144ski &amp; Wsp\u00f3lnicy Pozna\u0144 specjalizuje si\u0119 w&nbsp;dziedzinie prawa w\u0142asno\u015bci intelektualnej w&nbsp;Poznaniu. Rekomendacja indywidualna i&nbsp;kancelarii w&nbsp;Rankingu Kancelarii Prawniczych Rzeczpospolitej 2023 w&nbsp;kategorii prawo budowlane pozwala nam tak\u017ce \u0142\u0105czy\u0107 kompetencje w&nbsp;dziedzinie prawa w\u0142asno\u015bci intelektualnej i&nbsp;prawa budowlanego. O&nbsp;Kancelarii Nasza dzia\u0142aj\u0105ca od ponad 30 lat kancelaria w&nbsp;Poznaniu specjalizuje si\u0119 w&nbsp;dziedzinie prawa w\u0142asno\u015bci intelektualnej. Obs\u0142ugujemy klient\u00f3w nie tylko z&nbsp;Poznania, [&hellip;]","og_url":"https:\/\/jarzpartner.pl\/de\/prawo-wlasnosci-intelektualnej-poznan\/","og_site_name":"Kancelaria Prawna Jarzy\u0144ski &amp; Wsp\u00f3lnicy Pozna\u0144","article_publisher":"https:\/\/www.facebook.com\/jarzpartner","article_modified_time":"2023-09-13T16:46:28+00:00","og_image":[{"width":600,"height":600,"url":"https:\/\/jarzpartner.pl\/wp-content\/uploads\/2019\/09\/JW_fb_profil_logo-1.jpg","type":"image\/jpeg"}],"twitter_card":"summary_large_image","twitter_misc":{"Gesch\u00e4tzte Lesezeit":"3\u00a0Minuten"},"schema":{"@context":"https:\/\/schema.org","@graph":[{"@type":"WebPage","@id":"https:\/\/jarzpartner.pl\/prawo-wlasnosci-intelektualnej-poznan\/","url":"https:\/\/jarzpartner.pl\/prawo-wlasnosci-intelektualnej-poznan\/","name":"Prawo w\u0142asno\u015bci intelektualnej Pozna\u0144","isPartOf":{"@id":"https:\/\/jarzpartner.pl\/#website"},"datePublished":"2023-09-10T19:09:15+00:00","dateModified":"2023-09-13T16:46:28+00:00","breadcrumb":{"@id":"https:\/\/jarzpartner.pl\/prawo-wlasnosci-intelektualnej-poznan\/#breadcrumb"},"inLanguage":"de","potentialAction":[{"@type":"ReadAction","target":["https:\/\/jarzpartner.pl\/prawo-wlasnosci-intelektualnej-poznan\/"]}]},{"@type":"BreadcrumbList","@id":"https:\/\/jarzpartner.pl\/prawo-wlasnosci-intelektualnej-poznan\/#breadcrumb","itemListElement":[{"@type":"ListItem","position":1,"name":"Strona g\u0142\u00f3wna","item":"https:\/\/jarzpartner.pl\/"},{"@type":"ListItem","position":2,"name":"Prawo w\u0142asno\u015bci intelektualnej w&nbsp;Poznaniu"}]},{"@type":"WebSite","@id":"https:\/\/jarzpartner.pl\/#website","url":"https:\/\/jarzpartner.pl\/","name":"Kancelaria Prawna Jarzy\u0144ski &amp; Wsp\u00f3lnicy Pozna\u0144","description":"Z prawem do celu","publisher":{"@id":"https:\/\/jarzpartner.pl\/#organization"},"potentialAction":[{"@type":"SearchAction","target":{"@type":"EntryPoint","urlTemplate":"https:\/\/jarzpartner.pl\/?s={search_term_string}"},"query-input":{"@type":"PropertyValueSpecification","valueRequired":true,"valueName":"search_term_string"}}],"inLanguage":"de"},{"@type":"Organization","@id":"https:\/\/jarzpartner.pl\/#organization","name":"Kancelaria Prawna Jarzy\u0144ski & Wsp\u00f3lnicy Pozna\u0144","alternateName":"Jarzy\u0144ski & Wsp\u00f3lnicy Pozna\u0144","url":"https:\/\/jarzpartner.pl\/","logo":{"@type":"ImageObject","inLanguage":"de","@id":"https:\/\/jarzpartner.pl\/#\/schema\/logo\/image\/","url":"https:\/\/jarzpartner.pl\/wp-content\/uploads\/2022\/04\/JW_fb_profil_logo-1-150x150-1.jpeg","contentUrl":"https:\/\/jarzpartner.pl\/wp-content\/uploads\/2022\/04\/JW_fb_profil_logo-1-150x150-1.jpeg","width":150,"height":150,"caption":"Kancelaria Prawna Jarzy\u0144ski & Wsp\u00f3lnicy Pozna\u0144"},"image":{"@id":"https:\/\/jarzpartner.pl\/#\/schema\/logo\/image\/"},"sameAs":["https:\/\/www.facebook.com\/jarzpartner","https:\/\/www.linkedin.com\/company\/jarzpartner\/"]}]}},"_links":{"self":[{"href":"https:\/\/jarzpartner.pl\/de\/wp-json\/wp\/v2\/pages\/9337","targetHints":{"allow":["GET"]}}],"collection":[{"href":"https:\/\/jarzpartner.pl\/de\/wp-json\/wp\/v2\/pages"}],"about":[{"href":"https:\/\/jarzpartner.pl\/de\/wp-json\/wp\/v2\/types\/page"}],"author":[{"embeddable":true,"href":"https:\/\/jarzpartner.pl\/de\/wp-json\/wp\/v2\/users\/1"}],"replies":[{"embeddable":true,"href":"https:\/\/jarzpartner.pl\/de\/wp-json\/wp\/v2\/comments?post=9337"}],"version-history":[{"count":8,"href":"https:\/\/jarzpartner.pl\/de\/wp-json\/wp\/v2\/pages\/9337\/revisions"}],"predecessor-version":[{"id":9357,"href":"https:\/\/jarzpartner.pl\/de\/wp-json\/wp\/v2\/pages\/9337\/revisions\/9357"}],"wp:attachment":[{"href":"https:\/\/jarzpartner.pl\/de\/wp-json\/wp\/v2\/media?parent=9337"}],"curies":[{"name":"wp","href":"https:\/\/api.w.org\/{rel}","templated":true}]}}