{"id":7065,"date":"2022-10-17T17:44:59","date_gmt":"2022-10-17T15:44:59","guid":{"rendered":"http:\/\/jarzpartner.pl\/?page_id=7065"},"modified":"2023-03-29T17:24:36","modified_gmt":"2023-03-29T15:24:36","slug":"polityka-cookies","status":"publish","type":"page","link":"https:\/\/jarzpartner.pl\/de\/polityka-cookies\/","title":{"rendered":"Cookies-Politik"},"content":{"rendered":"<p class=\"translation-block\">Diese Politik bezieht sich auf \"Cookies-Dateien\" und gilt f\u00fcr die Website jarzpartner.pl und ihre Unterseiten (nachfolgend: <strong>Website<\/strong>), deren Betreiber Kancelaria Prawna Jarzy\u0144ski &amp; Wsp\u00f3lnicy Sp\u00f3\u0142ka komandytowa mit Sitz in Pozna\u0144, Stary Rynek 81, 61-772 Pozna\u0144, eingetragen im Amtsgericht Pozna\u0144 \u2013 Nowe Miasto i Wilda in Pozna\u0144, VIII. Wirtschaftsabteilung des Landesgerichtsregisters unter der KRS-Nr. 0000804863 (nachfolgend: <strong>Betreiber<\/strong>) ist.<\/p>\n<h4><strong>Was sind \u201eCookies\u201c?<\/strong><\/h4>\n<p class=\"translation-block\">Unter \u201eCookies\u201c sind die IT-Daten, insbesondere Textdateien, zu verstehen, die auf den Endger\u00e4ten des die Website besuchenden Internetnutzers (nachfolgend: <strong>Nutzer<\/strong>) gespeichert werden und f\u00fcr die Nutzung der Websites bestimmt sind. Die Dateien erm\u00f6glichen das Ger\u00e4t des Nutzers zu erkennen und die Webseite entsprechend - an seine individuellen Bed\u00fcrfnisse angepasst - zu zeigen. \u201eCookies\u201c enthalten meistens den Namen der Website, von der sie stammen, die Speicherzeit auf dem Endger\u00e4t und eine einmalige Nummer.<\/p>\n<h4><strong>Wof\u00fcr verwenden wir \u201eCookies\u201c?<\/strong><\/h4>\n<p>Wir verwenden \u201eCookies\" f\u00fcr:<\/p>\n<ul>\n<li>Die Anpassung der Website an die Pr\u00e4ferenzen des Nutzers und Optimierung der Nutzung dieser Website; diese Dateien erm\u00f6glichen insbesondere, das Ger\u00e4t des Nutzers zu erkennen und die Website, die zu seinen individuellen Bed\u00fcrfnissen angepasst ist, entsprechend anzuzeigen;<\/li>\n<li>Die Bildung von Statistiken, welche helfen, zu verstehen, auf welche Art und Weise die Nutzer die Website nutzen, was erm\u00f6glicht, ihre Struktur und Inhalte zu verbessern;<\/li>\n<li>Die Aufrechterhaltung der Sitzung des Website-Nutzers (nach dem Einloggen), dank derer der Nutzer sein Login und sein Passwort auf jeder Unterseite der Website nicht erneut eingeben muss.<\/li>\n<\/ul>\n<p>&nbsp;<\/p>\n<h4><strong>Welche Art von \u201eCookies\" verwenden wir?<\/strong><\/h4>\n<p>Auf der Website werden zwei Grundarten von \u201eCookies\u201c verwendet: Session Cookies und Persistent Cookies. Session Cookies sind tempor\u00e4re Cookies, die auf dem Endger\u00e4t des Nutzers bis zum Ausloggen, Verlassen der Webseite oder dem Schlie\u00dfen der Internetseite (des Internetbrowsers) aufbewahrt werden; Persistent Cookies werden auf dem Endger\u00e4t des Nutzers gem\u00e4\u00df den Parametern der Cookies-Dateien oder bis zu ihrer L\u00f6schung vom Nutzer aufbewahrt. Auf der Website werden folgende Arten von \u201eCookies\u201c verwendet:<\/p>\n<ul>\n<li>\u201enotwendige\" Cookies, welche die Inanspruchnahme der auf den Websites verf\u00fcgbaren Dienstleistungen erm\u00f6glichen, z.B. Authentifizierungs-Cookies, die f\u00fcr die Dienstleistungen verwendet werden, welche einer Authentifizierung auf der Website bed\u00fcrfen;<\/li>\n<li>\u201eCookies\u201c, welche die Sicherheit gew\u00e4hrleisten, z.B. zur Erkennung missbr\u00e4uchlicher Authentifizierung auf Websites;<\/li>\n<li>\u201eLeistungs\u201c-Cookies, welche die Sammlung von Informationen \u00fcber die Nutzung der Websites erm\u00f6glichen;<\/li>\n<li>\u201efunktionale\u201c Cookies, die erm\u00f6glichen, sich die vom Nutzer gew\u00e4hlten Einstellungen zu \u201emerken\u201c und die Nutzeroberfl\u00e4che zu personalisieren, z.B. im Hinblick auf die vom Nutzer ausgew\u00e4hlte Sprache oder Region, Schriftgr\u00f6\u00dfe, Aussehen der Website etc.<\/li>\n<li>\u201eWerbe\u201d-Cookies, die erm\u00f6glichen, den Nutzern die Werbeinhalte zu liefern, die ihren Interessen am meisten entsprechen;<\/li>\n<li>\u201eAnalyse\"-Cookies erm\u00f6glichen ein besseres Verst\u00e4ndnis daf\u00fcr, wie die Nutzer mit dem Inhalt der Website interagieren, um das Layout der Website besser zu gestalten. Sie sammeln Informationen dar\u00fcber, wie die Besucher die Website nutzen, von welcher Seite sie weitergeleitet wurden, wie viele Besuche sie gemacht haben und wie lange sie sich auf der Website aufgehalten haben. Diese Informationen erfassen keine spezifischen personenbezogenen Daten des Nutzers, sondern werden verwendet, um die Statistiken \u00fcber die Nutzung der Website auf aggregierter Ebene zu erstellen. Zu diesem Zweck verwenden wir die Tools von Google Analytics.<\/li>\n<\/ul>\n<p>&nbsp;<\/p>\n<h4><strong>\u201eCookies\u201c von Drittunternehmen auf der Website des Betreibers:<\/strong><\/h4>\n<p class=\"translation-block\"><strong>Google Analytics und HotJar<\/strong> - die Website-Analyse-Cookies sammeln Informationen dar\u00fcber, wie die Besucher die Website nutzen, die Art der Website, von der die Nutzer weitergeleitet wurden, sowie die Anzahl der Besuche und die Besuchszeit der Nutzer auf dieser Website. Diese Informationen erfassen keine spezifischen personenbezogenen Daten des Nutzers, sondern werden verwendet, um die Statistiken \u00fcber die Nutzung der Website auf aggregierter Ebene zu erstellen. Weitere Informationen und ein Browser-Add-on zur Blockierung von Google Analytics finden Sie unter tools.google.com und hotjar.com chat.<\/p>\n<h4><strong>Rechtsgrundlagen der Datenverarbeitung<\/strong><\/h4>\n<p class=\"translation-block\">Wir erheben die obigen Daten aufgrund Ihrer Einwilligung [Art. 6 Abs. 1 Buch. a Buchstabe a der Verordnung (EU) 2016\/679 des Europ\u00e4ischen Parlaments und des Rates vom 27. April 2016 zum Schutz nat\u00fcrlicher Personen bei der Verarbeitung personenbezogener Daten, zum freien Datenverkehr und zur Aufhebung der Richtlinie 95\/46\/EG (Datenschutz-Grundverordnung) (Amtsblatt EU L 119, S. 1) (nachfolgend: <strong>DSGVO<\/strong>)], wenn Sie Marketinginformationen erhalten m\u00f6chten, um die von Ihnen abgeschlossenen Vertr\u00e4ge zu erf\u00fcllen, darunter die Schulungen durchzuf\u00fchren sowie um mit den Lieferanten und anderen Rechtstr\u00e4gern, die mit dem Betreiber zusammenarbeiten, zu kooperieren (Art. 6 Abs. 1 Buchstabe b DSGVO). Die Daten k\u00f6nnen wir auch zur Erf\u00fcllung der rechtlich gesch\u00fctzten Interesse des Verantwortlichen (Art. 6 Abs. 1 Buch. f DSGVO) verarbeiten.<\/p>\n<h4><strong>Enthalten \u201eCookies\u201c personenbezogene Daten?<\/strong><\/h4>\n<p>Personenbezogene Daten, die mithilfe von \u201eCookies\u201c erhoben werden, d\u00fcrfen nur zum Zwecke der Durchf\u00fchrung bestimmter Funktionen f\u00fcr den Nutzer erhoben werden. Diese Daten werden so verschl\u00fcsselt, dass der Zugriff durch unbefugte Personen verhindert wird.<\/p>\n<h4><strong>L\u00f6schung von \u201eCookies\u201d<\/strong><\/h4>\n<p>Standardm\u00e4\u00dfig erlaubt die zum Browsen von Websites verwendete Software das Ablegen von \u201eCookies\u201c auf dem Endger\u00e4t. Diese Einstellungen k\u00f6nnen auf solche Art und Weise ge\u00e4ndert werden, dass die automatische Bedienung von \u201eCookies\u201c \u201d in den Einstellung des Internetbrowsers gesperrt wird oder dass Sie jedes Mal informiert werden, wenn sie an das Ger\u00e4t des Nutzers gesendet werden. Die detaillierten Informationen \u00fcber die M\u00f6glichkeiten und Methoden f\u00fcr die Bedienung von \u201eCookies\u201c sind in den Einstellungen der Software (des Internetbrowsers) erh\u00e4ltlich. Die Beschr\u00e4nkung in der Anwendung von \u201eCookies\u201c kann einige Funktionalit\u00e4ten der Website beeinflussen.<\/p>\n<h4><strong>Welche Sicherheitsma\u00dfnahmen verwenden wir auf den Websites?<\/strong><\/h4>\n<p>Die Websites des Betreibers sind mit Sicherheitsma\u00dfnahmen ausgestattet, um die Daten unter seiner Kontrolle vor Verlust, Missbrauch oder \u00c4nderung zu sch\u00fctzen.  Wir verpflichten uns, alle Informationen, die Sie uns offenlegen, gem\u00e4\u00df unseren Sicherheits- und Vertraulichkeitsstandards zu sch\u00fctzen. Der Betreiber bietet den Nutzern die M\u00f6glichkeit, auf den Erhalt von Werbematerialien und bestellten Newslettern zu verzichten. Der Betreiber gew\u00e4hrleistet den Nutzern die M\u00f6glichkeit, Informationen \u00fcber sich selbst aus den Datenbanken zu l\u00f6schen und keine Informationen mehr per E-Mail zu erhalten.<\/p>\n<h4><strong>Kontakt<\/strong><\/h4>\n<p class=\"translation-block\">Wenn Sie Fragen zu der Cookies-Politik haben, k\u00f6nnen Sie sich mit dem Betreiber per E-Mail an <a href=\"mailto:poznan@jarzpartner.pl\" target=\"_self\">poznan@jarzpartner.pl<\/a> in Verbindung setzen.<\/p>\n<p>&nbsp;<\/p>","protected":false},"excerpt":{"rendered":"<p>Niniejsza Polityka dotyczy plik\u00f3w \u201ecookies\u201d i&nbsp;odnosi si\u0119 do&nbsp;strony internetowej jarzpartner.pl oraz&nbsp;jej podstron (dalej jako: Serwis), kt\u00f3rej operatorem jest Kancelaria Prawna Jarzy\u0144ski &amp; Wsp\u00f3lnicy Sp\u00f3\u0142ka komandytowa z&nbsp;siedzib\u0105 w&nbsp;Poznaniu, Stary Rynek 81, 61-772 Pozna\u0144, zarejestrowana w&nbsp;S\u0105dzie Rejonowym Pozna\u0144 \u2013 Nowe Miasto i&nbsp;Wilda w&nbsp;Poznaniu VIII Wydziale Gospodarczym Krajowego Rejestru S\u0105dowego pod&nbsp;numerem KRS 0000804863 (dalej jako: Operator). Czym s\u0105 [&hellip;]<\/p>","protected":false},"author":1,"featured_media":0,"parent":0,"menu_order":0,"comment_status":"closed","ping_status":"closed","template":"","meta":{"footnotes":""},"class_list":["post-7065","page","type-page","status-publish","hentry"],"yoast_head":"<!-- This site is optimized with the Yoast SEO plugin v25.8 - https:\/\/yoast.com\/wordpress\/plugins\/seo\/ -->\n<title>Polityka cookies - Kancelaria Prawna Jarzy\u0144ski &amp; Wsp\u00f3lnicy Pozna\u0144<\/title>\n<meta name=\"robots\" content=\"index, follow, max-snippet:-1, max-image-preview:large, max-video-preview:-1\" \/>\n<link rel=\"canonical\" href=\"https:\/\/jarzpartner.pl\/de\/polityka-cookies\/\" \/>\n<meta property=\"og:locale\" content=\"de_DE\" \/>\n<meta property=\"og:type\" content=\"article\" \/>\n<meta property=\"og:title\" content=\"Polityka cookies - Kancelaria Prawna Jarzy\u0144ski &amp; Wsp\u00f3lnicy Pozna\u0144\" \/>\n<meta property=\"og:description\" content=\"Niniejsza Polityka dotyczy plik\u00f3w \u201ecookies\u201d i&nbsp;odnosi si\u0119 do&nbsp;strony internetowej jarzpartner.pl oraz&nbsp;jej podstron (dalej jako: Serwis), kt\u00f3rej operatorem jest Kancelaria Prawna Jarzy\u0144ski &amp; Wsp\u00f3lnicy Sp\u00f3\u0142ka komandytowa z&nbsp;siedzib\u0105 w&nbsp;Poznaniu, Stary Rynek 81, 61-772 Pozna\u0144, zarejestrowana w&nbsp;S\u0105dzie Rejonowym Pozna\u0144 \u2013 Nowe Miasto i&nbsp;Wilda w&nbsp;Poznaniu VIII Wydziale Gospodarczym Krajowego Rejestru S\u0105dowego pod&nbsp;numerem KRS 0000804863 (dalej jako: Operator). Czym s\u0105 [&hellip;]\" \/>\n<meta property=\"og:url\" content=\"https:\/\/jarzpartner.pl\/de\/polityka-cookies\/\" \/>\n<meta property=\"og:site_name\" content=\"Kancelaria Prawna Jarzy\u0144ski &amp; Wsp\u00f3lnicy Pozna\u0144\" \/>\n<meta property=\"article:publisher\" content=\"https:\/\/www.facebook.com\/jarzpartner\" \/>\n<meta property=\"article:modified_time\" content=\"2023-03-29T15:24:36+00:00\" \/>\n<meta property=\"og:image\" content=\"https:\/\/jarzpartner.pl\/wp-content\/uploads\/2019\/09\/JW_fb_profil_logo-1.jpg\" \/>\n\t<meta property=\"og:image:width\" content=\"600\" \/>\n\t<meta property=\"og:image:height\" content=\"600\" \/>\n\t<meta property=\"og:image:type\" content=\"image\/jpeg\" \/>\n<meta name=\"twitter:card\" content=\"summary_large_image\" \/>\n<meta name=\"twitter:label1\" content=\"Gesch\u00e4tzte Lesezeit\" \/>\n\t<meta name=\"twitter:data1\" content=\"6\u00a0Minuten\" \/>\n<script type=\"application\/ld+json\" class=\"yoast-schema-graph\">{\"@context\":\"https:\/\/schema.org\",\"@graph\":[{\"@type\":\"WebPage\",\"@id\":\"https:\/\/jarzpartner.pl\/en\/polityka-cookies\/\",\"url\":\"https:\/\/jarzpartner.pl\/en\/polityka-cookies\/\",\"name\":\"Polityka cookies - Kancelaria Prawna Jarzy\u0144ski &amp; Wsp\u00f3lnicy Pozna\u0144\",\"isPartOf\":{\"@id\":\"https:\/\/jarzpartner.pl\/#website\"},\"datePublished\":\"2022-10-17T15:44:59+00:00\",\"dateModified\":\"2023-03-29T15:24:36+00:00\",\"breadcrumb\":{\"@id\":\"https:\/\/jarzpartner.pl\/en\/polityka-cookies\/#breadcrumb\"},\"inLanguage\":\"de\",\"potentialAction\":[{\"@type\":\"ReadAction\",\"target\":[\"https:\/\/jarzpartner.pl\/en\/polityka-cookies\/\"]}]},{\"@type\":\"BreadcrumbList\",\"@id\":\"https:\/\/jarzpartner.pl\/en\/polityka-cookies\/#breadcrumb\",\"itemListElement\":[{\"@type\":\"ListItem\",\"position\":1,\"name\":\"Strona g\u0142\u00f3wna\",\"item\":\"https:\/\/jarzpartner.pl\/\"},{\"@type\":\"ListItem\",\"position\":2,\"name\":\"Polityka cookies\"}]},{\"@type\":\"WebSite\",\"@id\":\"https:\/\/jarzpartner.pl\/#website\",\"url\":\"https:\/\/jarzpartner.pl\/\",\"name\":\"Kancelaria Prawna Jarzy\u0144ski &amp; Wsp\u00f3lnicy Pozna\u0144\",\"description\":\"Z prawem do celu\",\"publisher\":{\"@id\":\"https:\/\/jarzpartner.pl\/#organization\"},\"potentialAction\":[{\"@type\":\"SearchAction\",\"target\":{\"@type\":\"EntryPoint\",\"urlTemplate\":\"https:\/\/jarzpartner.pl\/?s={search_term_string}\"},\"query-input\":{\"@type\":\"PropertyValueSpecification\",\"valueRequired\":true,\"valueName\":\"search_term_string\"}}],\"inLanguage\":\"de\"},{\"@type\":\"Organization\",\"@id\":\"https:\/\/jarzpartner.pl\/#organization\",\"name\":\"Kancelaria Prawna Jarzy\u0144ski & Wsp\u00f3lnicy Pozna\u0144\",\"alternateName\":\"Jarzy\u0144ski & Wsp\u00f3lnicy Pozna\u0144\",\"url\":\"https:\/\/jarzpartner.pl\/\",\"logo\":{\"@type\":\"ImageObject\",\"inLanguage\":\"de\",\"@id\":\"https:\/\/jarzpartner.pl\/#\/schema\/logo\/image\/\",\"url\":\"https:\/\/jarzpartner.pl\/wp-content\/uploads\/2022\/04\/JW_fb_profil_logo-1-150x150-1.jpeg\",\"contentUrl\":\"https:\/\/jarzpartner.pl\/wp-content\/uploads\/2022\/04\/JW_fb_profil_logo-1-150x150-1.jpeg\",\"width\":150,\"height\":150,\"caption\":\"Kancelaria Prawna Jarzy\u0144ski & Wsp\u00f3lnicy Pozna\u0144\"},\"image\":{\"@id\":\"https:\/\/jarzpartner.pl\/#\/schema\/logo\/image\/\"},\"sameAs\":[\"https:\/\/www.facebook.com\/jarzpartner\",\"https:\/\/www.linkedin.com\/company\/jarzpartner\/\"]}]}<\/script>\n<!-- \/ Yoast SEO plugin. -->","yoast_head_json":{"title":"Polityka cookies - Kancelaria Prawna Jarzy\u0144ski &amp; Wsp\u00f3lnicy Pozna\u0144","robots":{"index":"index","follow":"follow","max-snippet":"max-snippet:-1","max-image-preview":"max-image-preview:large","max-video-preview":"max-video-preview:-1"},"canonical":"https:\/\/jarzpartner.pl\/de\/polityka-cookies\/","og_locale":"de_DE","og_type":"article","og_title":"Polityka cookies - Kancelaria Prawna Jarzy\u0144ski &amp; Wsp\u00f3lnicy Pozna\u0144","og_description":"Niniejsza Polityka dotyczy plik\u00f3w \u201ecookies\u201d i&nbsp;odnosi si\u0119 do&nbsp;strony internetowej jarzpartner.pl oraz&nbsp;jej podstron (dalej jako: Serwis), kt\u00f3rej operatorem jest Kancelaria Prawna Jarzy\u0144ski &amp; Wsp\u00f3lnicy Sp\u00f3\u0142ka komandytowa z&nbsp;siedzib\u0105 w&nbsp;Poznaniu, Stary Rynek 81, 61-772 Pozna\u0144, zarejestrowana w&nbsp;S\u0105dzie Rejonowym Pozna\u0144 \u2013 Nowe Miasto i&nbsp;Wilda w&nbsp;Poznaniu VIII Wydziale Gospodarczym Krajowego Rejestru S\u0105dowego pod&nbsp;numerem KRS 0000804863 (dalej jako: Operator). Czym s\u0105 [&hellip;]","og_url":"https:\/\/jarzpartner.pl\/de\/polityka-cookies\/","og_site_name":"Kancelaria Prawna Jarzy\u0144ski &amp; Wsp\u00f3lnicy Pozna\u0144","article_publisher":"https:\/\/www.facebook.com\/jarzpartner","article_modified_time":"2023-03-29T15:24:36+00:00","og_image":[{"width":600,"height":600,"url":"https:\/\/jarzpartner.pl\/wp-content\/uploads\/2019\/09\/JW_fb_profil_logo-1.jpg","type":"image\/jpeg"}],"twitter_card":"summary_large_image","twitter_misc":{"Gesch\u00e4tzte Lesezeit":"6\u00a0Minuten"},"schema":{"@context":"https:\/\/schema.org","@graph":[{"@type":"WebPage","@id":"https:\/\/jarzpartner.pl\/en\/polityka-cookies\/","url":"https:\/\/jarzpartner.pl\/en\/polityka-cookies\/","name":"Polityka cookies - Kancelaria Prawna Jarzy\u0144ski &amp; Wsp\u00f3lnicy Pozna\u0144","isPartOf":{"@id":"https:\/\/jarzpartner.pl\/#website"},"datePublished":"2022-10-17T15:44:59+00:00","dateModified":"2023-03-29T15:24:36+00:00","breadcrumb":{"@id":"https:\/\/jarzpartner.pl\/en\/polityka-cookies\/#breadcrumb"},"inLanguage":"de","potentialAction":[{"@type":"ReadAction","target":["https:\/\/jarzpartner.pl\/en\/polityka-cookies\/"]}]},{"@type":"BreadcrumbList","@id":"https:\/\/jarzpartner.pl\/en\/polityka-cookies\/#breadcrumb","itemListElement":[{"@type":"ListItem","position":1,"name":"Strona g\u0142\u00f3wna","item":"https:\/\/jarzpartner.pl\/"},{"@type":"ListItem","position":2,"name":"Polityka cookies"}]},{"@type":"WebSite","@id":"https:\/\/jarzpartner.pl\/#website","url":"https:\/\/jarzpartner.pl\/","name":"Kancelaria Prawna Jarzy\u0144ski &amp; Wsp\u00f3lnicy Pozna\u0144","description":"Z prawem do celu","publisher":{"@id":"https:\/\/jarzpartner.pl\/#organization"},"potentialAction":[{"@type":"SearchAction","target":{"@type":"EntryPoint","urlTemplate":"https:\/\/jarzpartner.pl\/?s={search_term_string}"},"query-input":{"@type":"PropertyValueSpecification","valueRequired":true,"valueName":"search_term_string"}}],"inLanguage":"de"},{"@type":"Organization","@id":"https:\/\/jarzpartner.pl\/#organization","name":"Kancelaria Prawna Jarzy\u0144ski & Wsp\u00f3lnicy Pozna\u0144","alternateName":"Jarzy\u0144ski & Wsp\u00f3lnicy Pozna\u0144","url":"https:\/\/jarzpartner.pl\/","logo":{"@type":"ImageObject","inLanguage":"de","@id":"https:\/\/jarzpartner.pl\/#\/schema\/logo\/image\/","url":"https:\/\/jarzpartner.pl\/wp-content\/uploads\/2022\/04\/JW_fb_profil_logo-1-150x150-1.jpeg","contentUrl":"https:\/\/jarzpartner.pl\/wp-content\/uploads\/2022\/04\/JW_fb_profil_logo-1-150x150-1.jpeg","width":150,"height":150,"caption":"Kancelaria Prawna Jarzy\u0144ski & Wsp\u00f3lnicy Pozna\u0144"},"image":{"@id":"https:\/\/jarzpartner.pl\/#\/schema\/logo\/image\/"},"sameAs":["https:\/\/www.facebook.com\/jarzpartner","https:\/\/www.linkedin.com\/company\/jarzpartner\/"]}]}},"_links":{"self":[{"href":"https:\/\/jarzpartner.pl\/de\/wp-json\/wp\/v2\/pages\/7065","targetHints":{"allow":["GET"]}}],"collection":[{"href":"https:\/\/jarzpartner.pl\/de\/wp-json\/wp\/v2\/pages"}],"about":[{"href":"https:\/\/jarzpartner.pl\/de\/wp-json\/wp\/v2\/types\/page"}],"author":[{"embeddable":true,"href":"https:\/\/jarzpartner.pl\/de\/wp-json\/wp\/v2\/users\/1"}],"replies":[{"embeddable":true,"href":"https:\/\/jarzpartner.pl\/de\/wp-json\/wp\/v2\/comments?post=7065"}],"version-history":[{"count":0,"href":"https:\/\/jarzpartner.pl\/de\/wp-json\/wp\/v2\/pages\/7065\/revisions"}],"wp:attachment":[{"href":"https:\/\/jarzpartner.pl\/de\/wp-json\/wp\/v2\/media?parent=7065"}],"curies":[{"name":"wp","href":"https:\/\/api.w.org\/{rel}","templated":true}]}}