{"id":6341,"date":"2022-08-24T14:25:35","date_gmt":"2022-08-24T12:25:35","guid":{"rendered":"http:\/\/jarzpartner.pl\/?page_id=6341"},"modified":"2023-07-06T09:42:09","modified_gmt":"2023-07-06T07:42:09","slug":"regulamin-uslugi-newsletter","status":"publish","type":"page","link":"https:\/\/jarzpartner.pl\/de\/regulamin-uslugi-newsletter\/","title":{"rendered":"Ordnung der Newsletter-Dienstleistung"},"content":{"rendered":"<ol>\n<li>Diese Ordnung bestimmt die Grunds\u00e4tze f\u00fcr die Nutzung der Newsletter-Dienstleistung.<\/li>\n<li class=\"translation-block\">Die Newsletter-Dienstleistung wird bereitgestellt von Kancelaria Prawna Jarzy\u0144ski &amp; Wsp\u00f3lnicy Sp\u00f3\u0142ka komandytowa mit Sitz in Pozna\u0144, Stary Rynek 81, 61-772 Pozna\u0144, eingetragen im Amtsgericht Pozna\u0144 \u2013 Nowe Miasto i Wilda in Pozna\u0144, VIII. Wirtschaftsabteilung des Landesgerichtsregisters unter der KRS-Nr. 0000804863 (nachfolgend: <strong>Kanzlei<\/strong>).<\/li>\n<li>Kontaktdaten:<\/li>\n<\/ol>\n<ul>\n<li style=\"list-style-type: none;\">\n<ul>\n<li>Postanschrift: Kancelaria Prawna Jarzy\u0144ski &amp; Wsp\u00f3lnicy Sp\u00f3\u0142ka komandytowa, Stary Rynek 81, 61-772 Pozna\u0144;<\/li>\n<li>E-Mail-Adresse: <a href=\"mailto:poznan@jarzpartner.pl\">poznan@jarzpartner.pl<\/a>.<\/li>\n<\/ul>\n<\/li>\n<\/ul>\n<ol start=\"4\">\n<li>Die Dienstleistung wird per E-Mail erbracht, indem die Kanzlei die Informationen in Form eines elektronischen Briefes (E-Mail), nachfolgend \u201eNewsletter\u201c, an die vom Nutzer angegebene E-Mail-Adresse regelm\u00e4\u00dfig versendet.<\/li>\n<li>Der Newsletter kann insbesondere rechtliche Informationen enthalten, darunter ausgew\u00e4hlte Informationen \u00fcber \u00c4nderungen des anwendbaren Rechts, Kommentare, Urteile, rechtliche Analysen, Artikel sowie Informationen \u00fcber die Handlungen, Produkte und Dienstleistungen der Kanzlei.<\/li>\n<li>Die Newsletter-Dienstleistung wird unentgeltlich erbracht.<\/li>\n<li>Die Newsletter-Dienstleistung wird solange erbracht, bis der Nutzer sie abmeldet.<\/li>\n<li>Jeder per E-Mail versandte Newsletter enth\u00e4lt Informationen zur Abmeldung der Newsletter-Dienstleistung. Der Nutzer kann die Dienstleistung jederzeit ohne Angabe von Gr\u00fcnden und ohne Kostenfolge abmelden, indem er auf den in der E-Mail enthaltenen Link \"Sie k\u00f6nnen auf das Abonnement verzichten\" klickt.<\/li>\n<li>Die Bestellung der Newsletter-Dienstleistung erfolgt durch die Annahme der Ordnung \u00fcber die Newsletter-Dienstleistung.<\/li>\n<li>Die Angabe des Vor- und Nachnamens sowie der E-Mail-Adresse des Nutzers im Registrierungsformular ist erforderlich, um die in dieser Ordnung festgelegten Newsletter-Dienstleistung erbringen zu k\u00f6nnen.<\/li>\n<li>11.\tDie Reklamationen gegen die Newsletter-Dienstleistung eingereicht werden:<\/li>\n<\/ol>\n<ul>\n<li style=\"list-style-type: none;\">\n<ul>\n<li>per Post an folgende Adresse: Kancelaria Prawna Jarzy\u0144ski &amp; Wsp\u00f3lnicy Sp\u00f3\u0142ka komandytowa, Stary Rynek 81, 61-772 Pozna\u0144, Polen;<\/li>\n<li>per E-Mail an folgende E-Mail-Adresse: <a href=\"mailto:poznan@jarzpartner.pl\">poznan@jarzpartner.pl<\/a>.<\/li>\n<\/ul>\n<\/li>\n<\/ul>\n<ol start=\"12\">\n<li>Es wird empfohlen, dass die Reklamation insbesondere Folgendes enth\u00e4lt:  Beschreibung des Falls, auf den sich die Reklamation bezieht, Vor- und Nachname sowie die bei der Registrierung f\u00fcr die Newsletter-Dienstleistung angegebene E-Mail-Adresse bzw. Korrespondenzadresse, an die die Antwort auf die Reklamation geschickt werden soll, wenn der Nutzer die Antwort auf die Reklamation per Post oder per E-Mail an eine andere Adresse als die bei der Registrierung f\u00fcr die Newsletter-Dienstleistung angegebene E-Mail-Adresse erhalten m\u00f6chte, sowie die bevorzugte Art und Weise, in der der Nutzer \u00fcber die Bearbeitung der Reklamation informiert werden m\u00f6chte.<\/li>\n<\/ol>\n<p style=\"padding-left: 40px;\">Die Pr\u00fcfung der Reklamation und die \u00dcbermittlung der Antwort darauf, wie sie bearbeitet wird, erfolgt unverz\u00fcglich, sp\u00e4testens jedoch innerhalb von vierzehn Tagen nach Einreichung der Reklamation.  Der Nutzer wird \u00fcber die Methode zur Pr\u00fcfung der Reklamation gem\u00e4\u00df den in der Reklamation angegebenen Daten informiert.<\/p>\n<p style=\"padding-left: 40px;\">Die obige Information zur Einreichung der Reklamation stellt nur ein Beispiel dar, das der Nutzer nicht verwenden muss, und beeintr\u00e4chtigt nicht die Wirksamkeit von Reklamation, die ohne die empfohlene Beschreibung der Reklamation eingereicht werden.<\/p>\n<p style=\"padding-left: 40px;\">Bei etwaigen M\u00e4ngeln in der eingereichten Reklamation fordert die Kanzlei den Nutzer gem\u00e4\u00df den in der Reklamation angegebenen Adressdaten auf, sie zu erg\u00e4nzen.<\/p>\n<p style=\"padding-left: 40px;\" class=\"translation-block\">Die Kanzlei beh\u00e4lt sich das Recht vor, die vorliegende Ordnung aus wichtigen Gr\u00fcnden zu \u00e4ndern, insbesondere bei der \u00c4nderung des Umfangs der von der Kanzlei ausge\u00fcbten Gewerbet\u00e4tigkeit, bei der Notwendigkeit, die Bestimmungen der Ordnung an die geltenden Rechtsvorschriften anzupassen, das ordnungsgem\u00e4\u00dfe Funktionieren der Website <a href=\"https:\/\/jarzpartner.pl\/de\/\" target=\"_self\">https:\/\/jarzpartner.pl<\/a> und der Newsletter-Dienstleistung zu gew\u00e4hrleisten, die Sicherheit der Nutzer der Website <a href=\"https:\/\/jarzpartner.pl\/de\/\" target=\"_self\">https:\/\/jarzpartner.pl<\/a> und der Newsletter-Dienstleistung zu gew\u00e4hrleisten sowie neue oder ge\u00e4nderte Grunds\u00e4tze f\u00fcr den Betrieb der Website <a href=\"https:\/\/jarzpartner.pl\/de\/\" target=\"_self\">https:\/\/jarzpartner.pl<\/a> und der Newsletter-Dienstleistungen einzuf\u00fchren.<\/p>\n<p style=\"padding-left: 40px;\" class=\"translation-block\">Wir informieren die Nutzer \u00fcber die \u00c4nderung der Ordnung durch einen entsprechenden Hinweis auf der Website <a href=\"https:\/\/jarzpartner.pl\/de\/\" target=\"_self\">https:\/\/jarzpartner.pl<\/a>. Der Nutzer wird zus\u00e4tzlich \u00fcber die \u00c4nderung der Ordnung informiert, indem die Informationen mit einer Zusammenstellung von \u00c4nderungen in der Ordnung an die bei der Registrierung angegebene E-Mail-Adresse geschickt werden.<\/p>\n<ol start=\"13\">\n<li class=\"translation-block\">Diese Ordnung ist kostenlos unter <a href=\"https:\/\/jarzpartner.pl\/de\/\" target=\"_self\">https:\/\/jarzpartner.pl<\/a> in einer Form verf\u00fcgbar, die es erm\u00f6glicht, den Inhalt dieser Ordnung mit Hilfe des vom Nutzer verwendeten IKT-Systems abzurufen, zu vervielf\u00e4ltigen und zu speichern.<\/li>\n<li>Der Verantwortliche personenbezogener Daten ist Kancelaria Prawna Jarzy\u0144ski &amp; Wsp\u00f3lnicy Sp\u00f3\u0142ka komandytowa mit Sitz in Pozna\u0144, Stary Rynek 81, 61-772 Pozna\u0144, eingetragen im Amtsgericht Pozna\u0144 \u2013 Nowe Miasto i Wilda in Pozna\u0144, VIII. Wirtschaftsabteilung des Landesgerichtsregisters unter der KRS-Nr. 0000804863.<\/li>\n<\/ol>\n<p style=\"padding-left: 40px;\">Die Verarbeitung erfolgt aufgrund Art. 6 Abs. 1 Buch. a, Art. 6 Abs. 1 Buch. b und Art. 6 Abs. 1 Buch. f der Verordnung des Europ\u00e4ischen Parlaments und des Rates Nr. 2016\/679 vom 27. April 2018 zum Schutz nat\u00fcrlicher Personen bei der Verarbeitung personenbezogener Daten, zum freien Datenverkehr und zur Aufhebung der Richtlinie 95\/46\/EG (Datenschutz-Grundverordnung) (Amtsblatt EU L 119, S. 1).<\/p>\n<p style=\"padding-left: 40px;\">Die Daten werden in dem Umfang verarbeitet, der f\u00fcr die ordnungsgem\u00e4\u00dfe Erbringung der Newsletter-Dienstleistung erforderlich ist. Die Angabe personenbezogener Daten ist freiwillig, aber auch notwendig, um die Newsletter-Dienstleistung zu abonnieren und zu nutzen. Die Nichtbereitstellung von Daten hat zur Folge, dass die Dienstleistung nicht genutzt werden kann. Die Daten werden verarbeitet, bis Sie sich von der Newsletter-Dienstleistung abmelden.<\/p>\n<p style=\"padding-left: 40px;\">Der Nutzer hat das Recht auf: Zugang zu seinen Daten, Berichtigung, L\u00f6schung oder Einschr\u00e4nkung der Verarbeitung, Einlegung eines Widerspruchs gegen die Verarbeitung, Widerruf der Einwilligung zur Datenverarbeitung, Daten\u00fcbertragung. Der Nutzer hat auch das Recht, eine Beschwerde bei der Aufsichtsbeh\u00f6rde, dem Pr\u00e4sidenten des Amtes f\u00fcr den Schutz personenbezogener Daten (PGSPD), einzureichen, wenn er der Ansicht ist, dass die Verarbeitung seiner personenbezogenen Daten gegen geltendes Recht verst\u00f6\u00dft. Die Empf\u00e4nger der Daten sind die Rechtstr\u00e4ger, die aufgrund gesetzlicher Vorschriften zum Zugriff auf Daten berechtigt sind, sowie Rechtstr\u00e4ger, die mit der Kanzlei - dem Verantwortlichen - zusammenarbeiten, soweit dies f\u00fcr die ordnungsgem\u00e4\u00dfe Erbringung der Dienstleistung erforderlich ist. Weitere Informationen zu den Grunds\u00e4tzen \u00fcber die Verarbeitung personenbezogener Daten finden Sie auf der Website <a href=\"https:\/\/jarzpartner.pl\/de\/polityka-prywatnosci\/\">https:\/\/jarzpartner.pl\/de\/polityka-prywatnosci\/<\/a><\/p>\n<p style=\"padding-left: 40px;\">Die vorliegende Ordnung tritt am 27. M\u00e4rz 2023 in Kraft.<\/p>","protected":false},"excerpt":{"rendered":"<p>Regulamin okre\u015bla zasady korzystania z&nbsp;us\u0142ugi Newsletter. Us\u0142uga Newsletter udost\u0119pniania jest przez&nbsp;Kancelari\u0119 Prawn\u0105 Jarzy\u0144ski &amp; Wsp\u00f3lnicy Sp\u00f3\u0142ka komandytowa z&nbsp;siedzib\u0105 w&nbsp;Poznaniu, Stary Rynek 81, 61-772 Pozna\u0144, zarejestrowan\u0105 w&nbsp;S\u0105dzie Rejonowym Pozna\u0144 \u2013 Nowe Miasto i&nbsp;Wilda w&nbsp;Poznaniu VIII Wydziale Gospodarczym Krajowego Rejestru S\u0105dowego pod&nbsp;numerem KRS 0000804863 (dalej jako: Kancelaria). Dane kontaktowe: adres pocztowy: Kancelaria Prawna Jarzy\u0144ski &amp; Wsp\u00f3lnicy Sp\u00f3\u0142ka [&hellip;]<\/p>","protected":false},"author":1,"featured_media":0,"parent":0,"menu_order":0,"comment_status":"closed","ping_status":"closed","template":"","meta":{"footnotes":""},"class_list":["post-6341","page","type-page","status-publish","hentry"],"yoast_head":"<!-- This site is optimized with the Yoast SEO plugin v25.8 - https:\/\/yoast.com\/wordpress\/plugins\/seo\/ -->\n<title>Regulamin us\u0142ugi newsletter - Kancelaria Prawna Jarzy\u0144ski &amp; Wsp\u00f3lnicy Pozna\u0144<\/title>\n<meta name=\"robots\" content=\"index, follow, max-snippet:-1, max-image-preview:large, max-video-preview:-1\" \/>\n<link rel=\"canonical\" href=\"https:\/\/jarzpartner.pl\/de\/regulamin-uslugi-newsletter\/\" \/>\n<meta property=\"og:locale\" content=\"de_DE\" \/>\n<meta property=\"og:type\" content=\"article\" \/>\n<meta property=\"og:title\" content=\"Regulamin us\u0142ugi newsletter - Kancelaria Prawna Jarzy\u0144ski &amp; Wsp\u00f3lnicy Pozna\u0144\" \/>\n<meta property=\"og:description\" content=\"Regulamin okre\u015bla zasady korzystania z&nbsp;us\u0142ugi Newsletter. Us\u0142uga Newsletter udost\u0119pniania jest przez&nbsp;Kancelari\u0119 Prawn\u0105 Jarzy\u0144ski &amp; Wsp\u00f3lnicy Sp\u00f3\u0142ka komandytowa z&nbsp;siedzib\u0105 w&nbsp;Poznaniu, Stary Rynek 81, 61-772 Pozna\u0144, zarejestrowan\u0105 w&nbsp;S\u0105dzie Rejonowym Pozna\u0144 \u2013 Nowe Miasto i&nbsp;Wilda w&nbsp;Poznaniu VIII Wydziale Gospodarczym Krajowego Rejestru S\u0105dowego pod&nbsp;numerem KRS 0000804863 (dalej jako: Kancelaria). Dane kontaktowe: adres pocztowy: Kancelaria Prawna Jarzy\u0144ski &amp; Wsp\u00f3lnicy Sp\u00f3\u0142ka [&hellip;]\" \/>\n<meta property=\"og:url\" content=\"https:\/\/jarzpartner.pl\/de\/regulamin-uslugi-newsletter\/\" \/>\n<meta property=\"og:site_name\" content=\"Kancelaria Prawna Jarzy\u0144ski &amp; Wsp\u00f3lnicy Pozna\u0144\" \/>\n<meta property=\"article:publisher\" content=\"https:\/\/www.facebook.com\/jarzpartner\" \/>\n<meta property=\"article:modified_time\" content=\"2023-07-06T07:42:09+00:00\" \/>\n<meta property=\"og:image\" content=\"https:\/\/jarzpartner.pl\/wp-content\/uploads\/2019\/09\/JW_fb_profil_logo-1.jpg\" \/>\n\t<meta property=\"og:image:width\" content=\"600\" \/>\n\t<meta property=\"og:image:height\" content=\"600\" \/>\n\t<meta property=\"og:image:type\" content=\"image\/jpeg\" \/>\n<meta name=\"twitter:card\" content=\"summary_large_image\" \/>\n<meta name=\"twitter:label1\" content=\"Gesch\u00e4tzte Lesezeit\" \/>\n\t<meta name=\"twitter:data1\" content=\"5\u00a0Minuten\" \/>\n<script type=\"application\/ld+json\" class=\"yoast-schema-graph\">{\"@context\":\"https:\/\/schema.org\",\"@graph\":[{\"@type\":\"WebPage\",\"@id\":\"https:\/\/jarzpartner.pl\/regulamin-uslugi-newsletter\/\",\"url\":\"https:\/\/jarzpartner.pl\/regulamin-uslugi-newsletter\/\",\"name\":\"Regulamin us\u0142ugi newsletter - Kancelaria Prawna Jarzy\u0144ski &amp; Wsp\u00f3lnicy Pozna\u0144\",\"isPartOf\":{\"@id\":\"https:\/\/jarzpartner.pl\/#website\"},\"datePublished\":\"2022-08-24T12:25:35+00:00\",\"dateModified\":\"2023-07-06T07:42:09+00:00\",\"breadcrumb\":{\"@id\":\"https:\/\/jarzpartner.pl\/regulamin-uslugi-newsletter\/#breadcrumb\"},\"inLanguage\":\"de\",\"potentialAction\":[{\"@type\":\"ReadAction\",\"target\":[\"https:\/\/jarzpartner.pl\/regulamin-uslugi-newsletter\/\"]}]},{\"@type\":\"BreadcrumbList\",\"@id\":\"https:\/\/jarzpartner.pl\/regulamin-uslugi-newsletter\/#breadcrumb\",\"itemListElement\":[{\"@type\":\"ListItem\",\"position\":1,\"name\":\"Strona g\u0142\u00f3wna\",\"item\":\"https:\/\/jarzpartner.pl\/\"},{\"@type\":\"ListItem\",\"position\":2,\"name\":\"Regulamin us\u0142ugi newsletter\"}]},{\"@type\":\"WebSite\",\"@id\":\"https:\/\/jarzpartner.pl\/#website\",\"url\":\"https:\/\/jarzpartner.pl\/\",\"name\":\"Kancelaria Prawna Jarzy\u0144ski &amp; Wsp\u00f3lnicy Pozna\u0144\",\"description\":\"Z prawem do celu\",\"publisher\":{\"@id\":\"https:\/\/jarzpartner.pl\/#organization\"},\"potentialAction\":[{\"@type\":\"SearchAction\",\"target\":{\"@type\":\"EntryPoint\",\"urlTemplate\":\"https:\/\/jarzpartner.pl\/?s={search_term_string}\"},\"query-input\":{\"@type\":\"PropertyValueSpecification\",\"valueRequired\":true,\"valueName\":\"search_term_string\"}}],\"inLanguage\":\"de\"},{\"@type\":\"Organization\",\"@id\":\"https:\/\/jarzpartner.pl\/#organization\",\"name\":\"Kancelaria Prawna Jarzy\u0144ski & Wsp\u00f3lnicy Pozna\u0144\",\"alternateName\":\"Jarzy\u0144ski & Wsp\u00f3lnicy Pozna\u0144\",\"url\":\"https:\/\/jarzpartner.pl\/\",\"logo\":{\"@type\":\"ImageObject\",\"inLanguage\":\"de\",\"@id\":\"https:\/\/jarzpartner.pl\/#\/schema\/logo\/image\/\",\"url\":\"https:\/\/jarzpartner.pl\/wp-content\/uploads\/2022\/04\/JW_fb_profil_logo-1-150x150-1.jpeg\",\"contentUrl\":\"https:\/\/jarzpartner.pl\/wp-content\/uploads\/2022\/04\/JW_fb_profil_logo-1-150x150-1.jpeg\",\"width\":150,\"height\":150,\"caption\":\"Kancelaria Prawna Jarzy\u0144ski & Wsp\u00f3lnicy Pozna\u0144\"},\"image\":{\"@id\":\"https:\/\/jarzpartner.pl\/#\/schema\/logo\/image\/\"},\"sameAs\":[\"https:\/\/www.facebook.com\/jarzpartner\",\"https:\/\/www.linkedin.com\/company\/jarzpartner\/\"]}]}<\/script>\n<!-- \/ Yoast SEO plugin. -->","yoast_head_json":{"title":"Regulamin us\u0142ugi newsletter - Kancelaria Prawna Jarzy\u0144ski &amp; Wsp\u00f3lnicy Pozna\u0144","robots":{"index":"index","follow":"follow","max-snippet":"max-snippet:-1","max-image-preview":"max-image-preview:large","max-video-preview":"max-video-preview:-1"},"canonical":"https:\/\/jarzpartner.pl\/de\/regulamin-uslugi-newsletter\/","og_locale":"de_DE","og_type":"article","og_title":"Regulamin us\u0142ugi newsletter - Kancelaria Prawna Jarzy\u0144ski &amp; Wsp\u00f3lnicy Pozna\u0144","og_description":"Regulamin okre\u015bla zasady korzystania z&nbsp;us\u0142ugi Newsletter. Us\u0142uga Newsletter udost\u0119pniania jest przez&nbsp;Kancelari\u0119 Prawn\u0105 Jarzy\u0144ski &amp; Wsp\u00f3lnicy Sp\u00f3\u0142ka komandytowa z&nbsp;siedzib\u0105 w&nbsp;Poznaniu, Stary Rynek 81, 61-772 Pozna\u0144, zarejestrowan\u0105 w&nbsp;S\u0105dzie Rejonowym Pozna\u0144 \u2013 Nowe Miasto i&nbsp;Wilda w&nbsp;Poznaniu VIII Wydziale Gospodarczym Krajowego Rejestru S\u0105dowego pod&nbsp;numerem KRS 0000804863 (dalej jako: Kancelaria). Dane kontaktowe: adres pocztowy: Kancelaria Prawna Jarzy\u0144ski &amp; Wsp\u00f3lnicy Sp\u00f3\u0142ka [&hellip;]","og_url":"https:\/\/jarzpartner.pl\/de\/regulamin-uslugi-newsletter\/","og_site_name":"Kancelaria Prawna Jarzy\u0144ski &amp; Wsp\u00f3lnicy Pozna\u0144","article_publisher":"https:\/\/www.facebook.com\/jarzpartner","article_modified_time":"2023-07-06T07:42:09+00:00","og_image":[{"width":600,"height":600,"url":"https:\/\/jarzpartner.pl\/wp-content\/uploads\/2019\/09\/JW_fb_profil_logo-1.jpg","type":"image\/jpeg"}],"twitter_card":"summary_large_image","twitter_misc":{"Gesch\u00e4tzte Lesezeit":"5\u00a0Minuten"},"schema":{"@context":"https:\/\/schema.org","@graph":[{"@type":"WebPage","@id":"https:\/\/jarzpartner.pl\/regulamin-uslugi-newsletter\/","url":"https:\/\/jarzpartner.pl\/regulamin-uslugi-newsletter\/","name":"Regulamin us\u0142ugi newsletter - Kancelaria Prawna Jarzy\u0144ski &amp; Wsp\u00f3lnicy Pozna\u0144","isPartOf":{"@id":"https:\/\/jarzpartner.pl\/#website"},"datePublished":"2022-08-24T12:25:35+00:00","dateModified":"2023-07-06T07:42:09+00:00","breadcrumb":{"@id":"https:\/\/jarzpartner.pl\/regulamin-uslugi-newsletter\/#breadcrumb"},"inLanguage":"de","potentialAction":[{"@type":"ReadAction","target":["https:\/\/jarzpartner.pl\/regulamin-uslugi-newsletter\/"]}]},{"@type":"BreadcrumbList","@id":"https:\/\/jarzpartner.pl\/regulamin-uslugi-newsletter\/#breadcrumb","itemListElement":[{"@type":"ListItem","position":1,"name":"Strona g\u0142\u00f3wna","item":"https:\/\/jarzpartner.pl\/"},{"@type":"ListItem","position":2,"name":"Regulamin us\u0142ugi newsletter"}]},{"@type":"WebSite","@id":"https:\/\/jarzpartner.pl\/#website","url":"https:\/\/jarzpartner.pl\/","name":"Kancelaria Prawna Jarzy\u0144ski &amp; Wsp\u00f3lnicy Pozna\u0144","description":"Z prawem do celu","publisher":{"@id":"https:\/\/jarzpartner.pl\/#organization"},"potentialAction":[{"@type":"SearchAction","target":{"@type":"EntryPoint","urlTemplate":"https:\/\/jarzpartner.pl\/?s={search_term_string}"},"query-input":{"@type":"PropertyValueSpecification","valueRequired":true,"valueName":"search_term_string"}}],"inLanguage":"de"},{"@type":"Organization","@id":"https:\/\/jarzpartner.pl\/#organization","name":"Kancelaria Prawna Jarzy\u0144ski & Wsp\u00f3lnicy Pozna\u0144","alternateName":"Jarzy\u0144ski & Wsp\u00f3lnicy Pozna\u0144","url":"https:\/\/jarzpartner.pl\/","logo":{"@type":"ImageObject","inLanguage":"de","@id":"https:\/\/jarzpartner.pl\/#\/schema\/logo\/image\/","url":"https:\/\/jarzpartner.pl\/wp-content\/uploads\/2022\/04\/JW_fb_profil_logo-1-150x150-1.jpeg","contentUrl":"https:\/\/jarzpartner.pl\/wp-content\/uploads\/2022\/04\/JW_fb_profil_logo-1-150x150-1.jpeg","width":150,"height":150,"caption":"Kancelaria Prawna Jarzy\u0144ski & Wsp\u00f3lnicy Pozna\u0144"},"image":{"@id":"https:\/\/jarzpartner.pl\/#\/schema\/logo\/image\/"},"sameAs":["https:\/\/www.facebook.com\/jarzpartner","https:\/\/www.linkedin.com\/company\/jarzpartner\/"]}]}},"_links":{"self":[{"href":"https:\/\/jarzpartner.pl\/de\/wp-json\/wp\/v2\/pages\/6341","targetHints":{"allow":["GET"]}}],"collection":[{"href":"https:\/\/jarzpartner.pl\/de\/wp-json\/wp\/v2\/pages"}],"about":[{"href":"https:\/\/jarzpartner.pl\/de\/wp-json\/wp\/v2\/types\/page"}],"author":[{"embeddable":true,"href":"https:\/\/jarzpartner.pl\/de\/wp-json\/wp\/v2\/users\/1"}],"replies":[{"embeddable":true,"href":"https:\/\/jarzpartner.pl\/de\/wp-json\/wp\/v2\/comments?post=6341"}],"version-history":[{"count":1,"href":"https:\/\/jarzpartner.pl\/de\/wp-json\/wp\/v2\/pages\/6341\/revisions"}],"predecessor-version":[{"id":9102,"href":"https:\/\/jarzpartner.pl\/de\/wp-json\/wp\/v2\/pages\/6341\/revisions\/9102"}],"wp:attachment":[{"href":"https:\/\/jarzpartner.pl\/de\/wp-json\/wp\/v2\/media?parent=6341"}],"curies":[{"name":"wp","href":"https:\/\/api.w.org\/{rel}","templated":true}]}}